{"id":11209,"date":"2022-01-17T17:50:14","date_gmt":"2022-01-17T17:50:14","guid":{"rendered":"http:\/\/doku-harxheim.de\/accessibilite"},"modified":"2023-09-02T08:45:37","modified_gmt":"2023-09-02T08:45:37","slug":"accessibilite","status":"publish","type":"page","link":"https:\/\/doku-harxheim.de\/fr\/accessibilite","title":{"rendered":"Accessibilit\u00e9"},"content":{"rendered":"<p>[et_pb_section fb_built=\u00a0\u00bb1&Prime; fullwidth=\u00a0\u00bbon\u00a0\u00bb _builder_version=\u00a0\u00bb4.20.2&Prime; _module_preset=\u00a0\u00bbdefault\u00a0\u00bb background_enable_image=\u00a0\u00bboff\u00a0\u00bb locked=\u00a0\u00bboff\u00a0\u00bb global_colors_info=\u00a0\u00bb{}\u00a0\u00bb theme_builder_area=\u00a0\u00bbpost_content\u00a0\u00bb][et_pb_fullwidth_header title=\u00a0\u00bbAccessibilit\u00e9\u00a0\u00bb _builder_version=\u00a0\u00bb4.22.1&Prime; _module_preset=\u00a0\u00bbdefault\u00a0\u00bb background_image=\u00a0\u00bbhttp:\/\/doku-harxheim.de\/wp-content\/uploads\/2023\/08\/Panorama-Harxheim-copyright-Blitzmichel-Photography.jpg\u00a0\u00bb background_position=\u00a0\u00bbbottom_center\u00a0\u00bb background_vertical_offset=\u00a0\u00bb38%\u00a0\u00bb min_height=\u00a0\u00bb200.5px\u00a0\u00bb hover_enabled=\u00a0\u00bb0&Prime; global_colors_info=\u00a0\u00bb{}\u00a0\u00bb theme_builder_area=\u00a0\u00bbpost_content\u00a0\u00bb sticky_enabled=\u00a0\u00bb0&Prime;][\/et_pb_fullwidth_header][\/et_pb_section][et_pb_section fb_built=\u00a0\u00bb1&Prime; _builder_version=\u00a0\u00bb4.16&Prime; _module_preset=\u00a0\u00bbdefault\u00a0\u00bb custom_padding=\u00a0\u00bb6px|||||\u00a0\u00bb locked=\u00a0\u00bboff\u00a0\u00bb global_colors_info=\u00a0\u00bb{}\u00a0\u00bb theme_builder_area=\u00a0\u00bbpost_content\u00a0\u00bb][et_pb_row _builder_version=\u00a0\u00bb4.22.1&Prime; _module_preset=\u00a0\u00bbdefault\u00a0\u00bb theme_builder_area=\u00a0\u00bbpost_content\u00a0\u00bb][et_pb_column _builder_version=\u00a0\u00bb4.22.1&Prime; _module_preset=\u00a0\u00bbdefault\u00a0\u00bb type=\u00a0\u00bb4_4&Prime; theme_builder_area=\u00a0\u00bbpost_content\u00a0\u00bb][et_pb_text _builder_version=\u00a0\u00bb4.22.1&Prime; _module_preset=\u00a0\u00bbdefault\u00a0\u00bb theme_builder_area=\u00a0\u00bbpost_content\u00a0\u00bb hover_enabled=\u00a0\u00bb0&Prime; sticky_enabled=\u00a0\u00bb0&Prime;]<\/p>\n<p>Le HVV-Harxheim s&rsquo;efforce de proposer au fil du temps une accessibilit\u00e9 progressive.<\/p>\n<p>Dans le secteur num\u00e9rique \u00e9galement : peu \u00e0 peu, certains articles et contenus du site <em>doku-harxheim.de<\/em> sont propos\u00e9s aux personnes ayant une vue r\u00e9duite sous forme de contribution audio.<\/p>\n<p>[\/et_pb_text][\/et_pb_column][\/et_pb_row][\/et_pb_section]<\/p>\n","protected":false},"excerpt":{"rendered":"<p>Le HVV-Harxheim s&rsquo;efforce de proposer au fil du temps une accessibilit\u00e9 progressive. Dans le secteur num\u00e9rique \u00e9galement : peu \u00e0 peu, certains articles et contenus du site doku-harxheim.de sont propos\u00e9s aux personnes ayant une vue r\u00e9duite sous forme de contribution audio.<\/p>\n","protected":false},"author":11,"featured_media":0,"parent":0,"menu_order":0,"comment_status":"closed","ping_status":"closed","template":"","meta":{"_et_pb_use_builder":"on","_et_pb_old_content":"","_et_gb_content_width":"","footnotes":""},"class_list":["post-11209","page","type-page","status-publish","hentry"],"_links":{"self":[{"href":"https:\/\/doku-harxheim.de\/fr\/wp-json\/wp\/v2\/pages\/11209","targetHints":{"allow":["GET"]}}],"collection":[{"href":"https:\/\/doku-harxheim.de\/fr\/wp-json\/wp\/v2\/pages"}],"about":[{"href":"https:\/\/doku-harxheim.de\/fr\/wp-json\/wp\/v2\/types\/page"}],"author":[{"embeddable":true,"href":"https:\/\/doku-harxheim.de\/fr\/wp-json\/wp\/v2\/users\/11"}],"replies":[{"embeddable":true,"href":"https:\/\/doku-harxheim.de\/fr\/wp-json\/wp\/v2\/comments?post=11209"}],"version-history":[{"count":4,"href":"https:\/\/doku-harxheim.de\/fr\/wp-json\/wp\/v2\/pages\/11209\/revisions"}],"predecessor-version":[{"id":11218,"href":"https:\/\/doku-harxheim.de\/fr\/wp-json\/wp\/v2\/pages\/11209\/revisions\/11218"}],"wp:attachment":[{"href":"https:\/\/doku-harxheim.de\/fr\/wp-json\/wp\/v2\/media?parent=11209"}],"curies":[{"name":"wp","href":"https:\/\/api.w.org\/{rel}","templated":true}]}}