{"id":10991,"date":"2022-01-17T18:23:35","date_gmt":"2022-01-17T18:23:35","guid":{"rendered":"http:\/\/doku-harxheim.de\/temoins-de-lepoque-de-harxheim"},"modified":"2023-09-01T08:44:12","modified_gmt":"2023-09-01T08:44:12","slug":"temoins-de-lepoque-de-harxheim","status":"publish","type":"page","link":"https:\/\/doku-harxheim.de\/fr\/temoins-de-lepoque-de-harxheim","title":{"rendered":"T\u00e9moins de l&rsquo;\u00e9poque de Harxheim"},"content":{"rendered":"<p>[et_pb_section fb_built=\u00a0\u00bb1&Prime; fullwidth=\u00a0\u00bbon\u00a0\u00bb _builder_version=\u00a0\u00bb4.20.2&Prime; _module_preset=\u00a0\u00bbdefault\u00a0\u00bb background_enable_image=\u00a0\u00bboff\u00a0\u00bb hover_enabled=\u00a0\u00bb0&Prime; global_colors_info=\u00a0\u00bb{}\u00a0\u00bb theme_builder_area=\u00a0\u00bbpost_content\u00a0\u00bb sticky_enabled=\u00a0\u00bb0&Prime;][et_pb_fullwidth_header title=\u00a0\u00bbT\u00e9moins de l&apos;\u00e9poque de Harxheim\u00a0\u00bb admin_label=\u00a0\u00bbVollbreite Kopfzeile\u00a0\u00bb _builder_version=\u00a0\u00bb4.22.1&Prime; _module_preset=\u00a0\u00bbdefault\u00a0\u00bb title_text_color=\u00a0\u00bb#FFFFFF\u00a0\u00bb background_image=\u00a0\u00bbhttp:\/\/doku-harxheim.de\/wp-content\/uploads\/2023\/09\/ZeiZ-01.png\u00a0\u00bb background_position=\u00a0\u00bbbottom_center\u00a0\u00bb background_vertical_offset=\u00a0\u00bb45%\u00a0\u00bb background_layout=\u00a0\u00bblight\u00a0\u00bb min_height=\u00a0\u00bb200.5px\u00a0\u00bb hover_enabled=\u00a0\u00bb0&Prime; title_text_shadow_style=\u00a0\u00bbpreset5&Prime; global_colors_info=\u00a0\u00bb{}\u00a0\u00bb theme_builder_area=\u00a0\u00bbpost_content\u00a0\u00bb sticky_enabled=\u00a0\u00bb0&Prime; title_text=\u00a0\u00bbZeiZ 01&Prime;][\/et_pb_fullwidth_header][\/et_pb_section][et_pb_section fb_built=\u00a0\u00bb1&Prime; _builder_version=\u00a0\u00bb4.20.2&Prime; _module_preset=\u00a0\u00bbdefault\u00a0\u00bb custom_padding=\u00a0\u00bb20px||0px||false|false\u00a0\u00bb locked=\u00a0\u00bboff\u00a0\u00bb global_colors_info=\u00a0\u00bb{}\u00a0\u00bb theme_builder_area=\u00a0\u00bbpost_content\u00a0\u00bb][et_pb_row _builder_version=\u00a0\u00bb4.22.1&Prime; _module_preset=\u00a0\u00bbdefault\u00a0\u00bb hover_enabled=\u00a0\u00bb0&Prime; global_colors_info=\u00a0\u00bb{}\u00a0\u00bb theme_builder_area=\u00a0\u00bbpost_content\u00a0\u00bb sticky_enabled=\u00a0\u00bb0&Prime;][et_pb_column type=\u00a0\u00bb4_4&Prime; _builder_version=\u00a0\u00bb4.22.1&Prime; _module_preset=\u00a0\u00bbdefault\u00a0\u00bb global_colors_info=\u00a0\u00bb{}\u00a0\u00bb theme_builder_area=\u00a0\u00bbpost_content\u00a0\u00bb][et_pb_text _builder_version=\u00a0\u00bb4.22.1&Prime; _module_preset=\u00a0\u00bbdefault\u00a0\u00bb hover_enabled=\u00a0\u00bb0&Prime; global_colors_info=\u00a0\u00bb{}\u00a0\u00bb theme_builder_area=\u00a0\u00bbpost_content\u00a0\u00bb sticky_enabled=\u00a0\u00bb0&Prime;]<\/p>\n<h2>T\u00e9moins de l&rsquo;\u00e9poque de Harxheim<\/h2>\n<p>[\/et_pb_text][et_pb_text _builder_version=\u00a0\u00bb4.22.1&Prime; _module_preset=\u00a0\u00bbdefault\u00a0\u00bb theme_builder_area=\u00a0\u00bbpost_content\u00a0\u00bb hover_enabled=\u00a0\u00bb0&Prime; sticky_enabled=\u00a0\u00bb0&Prime;]<\/p>\n<h4><em>Le projet \u00ab\u00a0Harxheimer Zeitzeugenprojekt\u00a0\u00bb du HVV s&rsquo;est fix\u00e9 pour objectif de conserver et de pr\u00e9parer les connaissances du pass\u00e9 des t\u00e9moins de chaque d\u00e9cennie.<\/em><\/h4>\n<h4><em>De nombreux habitants de Harxheim ont spontan\u00e9ment accept\u00e9 de se pr\u00eater \u00e0 une interview vid\u00e9o approfondie et de raconter des moments pass\u00e9s, des \u00e9v\u00e9nements et des anecdotes. Nous profitons de l&rsquo;occasion pour les remercier chaleureusement d&rsquo;avoir eu le courage et la volont\u00e9 de se pr\u00e9senter devant les cam\u00e9ras et de partager leurs souvenirs personnels avec les g\u00e9n\u00e9rations futures.<\/em><\/h4>\n<h4><em>Le r\u00e9sultat est \u00e9poustouflant : d&rsquo;innombrables heures de film avec des souvenirs, des histoires et des anecdotes &#8211; un point de vue tr\u00e8s particulier sur le lieu et son histoire.<\/em><\/h4>\n<h4><em>Le traitement de ces sources extraordinaires prendra encore un certain temps, et des articles de Viedo sur des th\u00e8mes pr\u00e9cis seront donc publi\u00e9s ici successivement.<\/em><\/h4>\n<p>[\/et_pb_text][\/et_pb_column][\/et_pb_row][et_pb_row _builder_version=\u00a0\u00bb4.22.1&Prime; _module_preset=\u00a0\u00bbdefault\u00a0\u00bb column_structure=\u00a0\u00bb1_2,1_2&Prime; theme_builder_area=\u00a0\u00bbpost_content\u00a0\u00bb][et_pb_column _builder_version=\u00a0\u00bb4.22.1&Prime; _module_preset=\u00a0\u00bbdefault\u00a0\u00bb type=\u00a0\u00bb1_2&Prime; theme_builder_area=\u00a0\u00bbpost_content\u00a0\u00bb][et_pb_image src=\u00a0\u00bbhttp:\/\/doku-harxheim.de\/wp-content\/uploads\/2023\/09\/ZeiZ-01.png\u00a0\u00bb _builder_version=\u00a0\u00bb4.22.1&Prime; _module_preset=\u00a0\u00bbdefault\u00a0\u00bb theme_builder_area=\u00a0\u00bbpost_content\u00a0\u00bb title_text=\u00a0\u00bbZeiZ 01&Prime; hover_enabled=\u00a0\u00bb0&Prime; sticky_enabled=\u00a0\u00bb0&Prime; box_shadow_style=\u00a0\u00bbpreset2&Prime;][\/et_pb_image][\/et_pb_column][et_pb_column _builder_version=\u00a0\u00bb4.22.1&Prime; _module_preset=\u00a0\u00bbdefault\u00a0\u00bb type=\u00a0\u00bb1_2&Prime; theme_builder_area=\u00a0\u00bbpost_content\u00a0\u00bb][et_pb_text _builder_version=\u00a0\u00bb4.22.1&Prime; _module_preset=\u00a0\u00bbdefault\u00a0\u00bb theme_builder_area=\u00a0\u00bbpost_content\u00a0\u00bb hover_enabled=\u00a0\u00bb0&Prime; sticky_enabled=\u00a0\u00bb0&Prime;]<\/p>\n<p>Les articles sur les t\u00e9moins de l&rsquo;\u00e9poque de Harxheim para\u00eetront prochainement ici<\/p>\n<p>[\/et_pb_text][\/et_pb_column][\/et_pb_row][\/et_pb_section]<\/p>\n","protected":false},"excerpt":{"rendered":"<p>T\u00e9moins de l&rsquo;\u00e9poque de HarxheimLe projet \u00ab\u00a0Harxheimer Zeitzeugenprojekt\u00a0\u00bb du HVV s&rsquo;est fix\u00e9 pour objectif de conserver et de pr\u00e9parer les connaissances du pass\u00e9 des t\u00e9moins de chaque d\u00e9cennie. De nombreux habitants de Harxheim ont spontan\u00e9ment accept\u00e9 de se pr\u00eater \u00e0 une interview vid\u00e9o approfondie et de raconter des moments pass\u00e9s, des \u00e9v\u00e9nements et des anecdotes. [&hellip;]<\/p>\n","protected":false},"author":11,"featured_media":0,"parent":0,"menu_order":0,"comment_status":"closed","ping_status":"closed","template":"","meta":{"_et_pb_use_builder":"on","_et_pb_old_content":"","_et_gb_content_width":"","footnotes":""},"class_list":["post-10991","page","type-page","status-publish","hentry"],"_links":{"self":[{"href":"https:\/\/doku-harxheim.de\/fr\/wp-json\/wp\/v2\/pages\/10991","targetHints":{"allow":["GET"]}}],"collection":[{"href":"https:\/\/doku-harxheim.de\/fr\/wp-json\/wp\/v2\/pages"}],"about":[{"href":"https:\/\/doku-harxheim.de\/fr\/wp-json\/wp\/v2\/types\/page"}],"author":[{"embeddable":true,"href":"https:\/\/doku-harxheim.de\/fr\/wp-json\/wp\/v2\/users\/11"}],"replies":[{"embeddable":true,"href":"https:\/\/doku-harxheim.de\/fr\/wp-json\/wp\/v2\/comments?post=10991"}],"version-history":[{"count":2,"href":"https:\/\/doku-harxheim.de\/fr\/wp-json\/wp\/v2\/pages\/10991\/revisions"}],"predecessor-version":[{"id":10994,"href":"https:\/\/doku-harxheim.de\/fr\/wp-json\/wp\/v2\/pages\/10991\/revisions\/10994"}],"wp:attachment":[{"href":"https:\/\/doku-harxheim.de\/fr\/wp-json\/wp\/v2\/media?parent=10991"}],"curies":[{"name":"wp","href":"https:\/\/api.w.org\/{rel}","templated":true}]}}