{"id":10677,"date":"2022-01-17T18:23:35","date_gmt":"2022-01-17T18:23:35","guid":{"rendered":"http:\/\/doku-harxheim.de\/points-dinteret-de-harxheim"},"modified":"2023-08-31T17:11:45","modified_gmt":"2023-08-31T17:11:45","slug":"points-dinteret-de-harxheim","status":"publish","type":"page","link":"https:\/\/doku-harxheim.de\/fr\/decouvrir-harxheim\/points-dinteret-de-harxheim","title":{"rendered":"Circuit historique du village &#8211; Points d&rsquo;int\u00e9r\u00eat de Harxheim"},"content":{"rendered":"<p>[et_pb_section fb_built=\u00a0\u00bb1&Prime; _builder_version=\u00a0\u00bb4.16&Prime; min_height=\u00a0\u00bb151px\u00a0\u00bb custom_margin=\u00a0\u00bb||||false|false\u00a0\u00bb custom_padding=\u00a0\u00bb0px||6px||false|false\u00a0\u00bb global_colors_info=\u00a0\u00bb{}\u00a0\u00bb][et_pb_row _builder_version=\u00a0\u00bb4.16&Prime; custom_margin=\u00a0\u00bb||||false|false\u00a0\u00bb custom_padding=\u00a0\u00bb0px||||false|false\u00a0\u00bb global_colors_info=\u00a0\u00bb{}\u00a0\u00bb][et_pb_column type=\u00a0\u00bb4_4&Prime; _builder_version=\u00a0\u00bb4.16&Prime; global_colors_info=\u00a0\u00bb{}\u00a0\u00bb][et_pb_post_title title=\u00a0\u00bboff\u00a0\u00bb comments=\u00a0\u00bboff\u00a0\u00bb featured_image=\u00a0\u00bboff\u00a0\u00bb _builder_version=\u00a0\u00bb4.16&Prime; meta_font=\u00a0\u00bb|700||on|||||\u00a0\u00bb meta_text_color=\u00a0\u00bbgcid-1ba3a96e-9d31-4f54-aae7-420968453e89&Prime; meta_font_size=\u00a0\u00bb12px\u00a0\u00bb meta_letter_spacing=\u00a0\u00bb1px\u00a0\u00bb custom_margin=\u00a0\u00bb||14px|||\u00a0\u00bb global_colors_info=\u00a0\u00bb{%22gcid-1ba3a96e-9d31-4f54-aae7-420968453e89%22:%91%22meta_text_color%22%93}\u00a0\u00bb][\/et_pb_post_title][et_pb_post_title meta=\u00a0\u00bboff\u00a0\u00bb featured_image=\u00a0\u00bboff\u00a0\u00bb _builder_version=\u00a0\u00bb4.16&Prime; title_font=\u00a0\u00bbMontserrat|700|||||||\u00a0\u00bb title_font_size=\u00a0\u00bb50px\u00a0\u00bb title_line_height=\u00a0\u00bb1.2em\u00a0\u00bb custom_margin=\u00a0\u00bb||-16px|||\u00a0\u00bb title_font_size_tablet=\u00a0\u00bb50px\u00a0\u00bb title_font_size_phone=\u00a0\u00bb24px\u00a0\u00bb title_font_size_last_edited=\u00a0\u00bbon|desktop\u00a0\u00bb locked=\u00a0\u00bboff\u00a0\u00bb global_colors_info=\u00a0\u00bb{}\u00a0\u00bb][\/et_pb_post_title][\/et_pb_column][\/et_pb_row][et_pb_row _builder_version=\u00a0\u00bb4.16&Prime; _module_preset=\u00a0\u00bbdefault\u00a0\u00bb custom_padding=\u00a0\u00bb5px||9px|||\u00a0\u00bb global_colors_info=\u00a0\u00bb{}\u00a0\u00bb column_structure=\u00a0\u00bb3_4,1_4&Prime;][et_pb_column type=\u00a0\u00bb3_4&Prime; _builder_version=\u00a0\u00bb4.16&Prime; _module_preset=\u00a0\u00bbdefault\u00a0\u00bb global_colors_info=\u00a0\u00bb{}\u00a0\u00bb][et_pb_text _builder_version=\u00a0\u00bb4.22.1&Prime; _module_preset=\u00a0\u00bbdefault\u00a0\u00bb header_2_font_size=\u00a0\u00bb19px\u00a0\u00bb hover_enabled=\u00a0\u00bb0&Prime; global_colors_info=\u00a0\u00bb{}\u00a0\u00bb sticky_enabled=\u00a0\u00bb0&Prime;]<\/p>\n<h4><em>Sur le <strong>circuit historique de<\/strong> Harxheim, on trouve de nombreux b\u00e2timents int\u00e9ressants et charg\u00e9s d&rsquo;histoire qui existent encore ou qui ont disparu depuis longtemps. Leurs emplacements et leur histoire sont consign\u00e9s dans des documentations appel\u00e9es \u00ab\u00a0POI\u00a0\u00bb (Points of Interest) et offrent des aper\u00e7us extraordinaires sur la vie et les activit\u00e9s des habitants de Harxheim dans le pass\u00e9. <\/em><\/h4>\n<p>[\/et_pb_text][et_pb_text _builder_version=\u00a0\u00bb4.22.1&Prime; _module_preset=\u00a0\u00bbdefault\u00a0\u00bb global_colors_info=\u00a0\u00bb{}\u00a0\u00bb]<\/p>\n<h4><em>Pour les personnes int\u00e9ress\u00e9es, des panneaux correspondants sont plac\u00e9s sur le circuit de Harxheim, bien visibles sur les b\u00e2timents concern\u00e9s.<\/em><\/h4>\n<p>[\/et_pb_text][\/et_pb_column][et_pb_column type=\u00a0\u00bb1_4&Prime; _builder_version=\u00a0\u00bb4.16&Prime; _module_preset=\u00a0\u00bbdefault\u00a0\u00bb global_colors_info=\u00a0\u00bb{}\u00a0\u00bb][et_pb_image src=\u00a0\u00bbhttp:\/\/doku-harxheim.de\/wp-content\/uploads\/2023\/08\/HisOrtsrundgang_A1_3.png\u00a0\u00bb _builder_version=\u00a0\u00bb4.22.1&Prime; _module_preset=\u00a0\u00bbdefault\u00a0\u00bb title_text=\u00a0\u00bbHisTour de ville_A1_3&Prime; show_in_lightbox=\u00a0\u00bbon\u00a0\u00bb box_shadow_style=\u00a0\u00bbpreset2&Prime; hover_enabled=\u00a0\u00bb0&Prime; sticky_enabled=\u00a0\u00bb0&Prime; custom_margin=\u00a0\u00bb||4px|||\u00a0\u00bb][\/et_pb_image][et_pb_text _builder_version=\u00a0\u00bb4.22.1&Prime; _module_preset=\u00a0\u00bbdefault\u00a0\u00bb text_font_size=\u00a0\u00bb13px\u00a0\u00bb custom_margin=\u00a0\u00bb5px||-1px||false|false\u00a0\u00bb hover_enabled=\u00a0\u00bb0&Prime; global_colors_info=\u00a0\u00bb{}\u00a0\u00bb theme_builder_area=\u00a0\u00bbpost_content\u00a0\u00bb sticky_enabled=\u00a0\u00bb0&Prime;]<\/p>\n<p style=\"text-align: center;\"><span>Circuit historique de la localit\u00e9 &#8211; Panneau synoptique<\/span><\/p>\n<p>[\/et_pb_text][et_pb_text _builder_version=\u00a0\u00bb4.22.1&Prime; _module_preset=\u00a0\u00bbdefault\u00a0\u00bb text_font_size=\u00a0\u00bb8px\u00a0\u00bb hover_enabled=\u00a0\u00bb0&Prime; global_colors_info=\u00a0\u00bb{}\u00a0\u00bb theme_builder_area=\u00a0\u00bbpost_content\u00a0\u00bb sticky_enabled=\u00a0\u00bb0&Prime;]<\/p>\n<p style=\"text-align: center;\"><span>Source : HVV-Harxheim<\/span><\/p>\n<p>[\/et_pb_text][\/et_pb_column][\/et_pb_row][\/et_pb_section][et_pb_section fb_built=\u00a0\u00bb1&Prime; admin_label=\u00a0\u00bbRelated Articles\u00a0\u00bb _builder_version=\u00a0\u00bb4.16&Prime; min_height=\u00a0\u00bb357.3px\u00a0\u00bb custom_margin=\u00a0\u00bb||-65px|||\u00a0\u00bb custom_padding=\u00a0\u00bb0px|||||\u00a0\u00bb global_colors_info=\u00a0\u00bb{}\u00a0\u00bb][et_pb_row _builder_version=\u00a0\u00bb4.21.0&Prime; _module_preset=\u00a0\u00bbdefault\u00a0\u00bb global_colors_info=\u00a0\u00bb{}\u00a0\u00bb][et_pb_column type=\u00a0\u00bb4_4&Prime; _builder_version=\u00a0\u00bb4.21.0&Prime; _module_preset=\u00a0\u00bbdefault\u00a0\u00bb global_colors_info=\u00a0\u00bb{}\u00a0\u00bb][et_pb_blog fullwidth=\u00a0\u00bboff\u00a0\u00bb posts_number=\u00a0\u00bb100&Prime; include_categories=\u00a0\u00bb23&Prime; use_manual_excerpt=\u00a0\u00bboff\u00a0\u00bb excerpt_length=\u00a0\u00bb100&Prime; show_more=\u00a0\u00bbon\u00a0\u00bb show_date=\u00a0\u00bboff\u00a0\u00bb show_categories=\u00a0\u00bboff\u00a0\u00bb show_pagination=\u00a0\u00bboff\u00a0\u00bb _builder_version=\u00a0\u00bb4.22.1&Prime; _module_preset=\u00a0\u00bbdefault\u00a0\u00bb box_shadow_style=\u00a0\u00bbpreset2&Prime; global_colors_info=\u00a0\u00bb{}\u00a0\u00bb][\/et_pb_blog][\/et_pb_column][\/et_pb_row][\/et_pb_section]<\/p>\n","protected":false},"excerpt":{"rendered":"<p>Sur le circuit historique de Harxheim, on trouve de nombreux b\u00e2timents int\u00e9ressants et charg\u00e9s d&rsquo;histoire qui existent encore ou qui ont disparu depuis longtemps. Leurs emplacements et leur histoire sont consign\u00e9s dans des documentations appel\u00e9es \u00ab\u00a0POI\u00a0\u00bb (Points of Interest) et offrent des aper\u00e7us extraordinaires sur la vie et les activit\u00e9s des habitants de Harxheim dans [&hellip;]<\/p>\n","protected":false},"author":11,"featured_media":10271,"parent":10773,"menu_order":0,"comment_status":"closed","ping_status":"closed","template":"","meta":{"_et_pb_use_builder":"on","_et_pb_old_content":"","_et_gb_content_width":"","footnotes":""},"class_list":["post-10677","page","type-page","status-publish","has-post-thumbnail","hentry"],"_links":{"self":[{"href":"https:\/\/doku-harxheim.de\/fr\/wp-json\/wp\/v2\/pages\/10677","targetHints":{"allow":["GET"]}}],"collection":[{"href":"https:\/\/doku-harxheim.de\/fr\/wp-json\/wp\/v2\/pages"}],"about":[{"href":"https:\/\/doku-harxheim.de\/fr\/wp-json\/wp\/v2\/types\/page"}],"author":[{"embeddable":true,"href":"https:\/\/doku-harxheim.de\/fr\/wp-json\/wp\/v2\/users\/11"}],"replies":[{"embeddable":true,"href":"https:\/\/doku-harxheim.de\/fr\/wp-json\/wp\/v2\/comments?post=10677"}],"version-history":[{"count":7,"href":"https:\/\/doku-harxheim.de\/fr\/wp-json\/wp\/v2\/pages\/10677\/revisions"}],"predecessor-version":[{"id":10769,"href":"https:\/\/doku-harxheim.de\/fr\/wp-json\/wp\/v2\/pages\/10677\/revisions\/10769"}],"up":[{"embeddable":true,"href":"https:\/\/doku-harxheim.de\/fr\/wp-json\/wp\/v2\/pages\/10773"}],"wp:featuredmedia":[{"embeddable":true,"href":"https:\/\/doku-harxheim.de\/fr\/wp-json\/wp\/v2\/media\/10271"}],"wp:attachment":[{"href":"https:\/\/doku-harxheim.de\/fr\/wp-json\/wp\/v2\/media?parent=10677"}],"curies":[{"name":"wp","href":"https:\/\/api.w.org\/{rel}","templated":true}]}}